{"id":80,"date":"2026-03-06T09:22:12","date_gmt":"2026-03-06T09:22:12","guid":{"rendered":"https:\/\/adtruck.aopen-dev.eu\/?page_id=80"},"modified":"2026-03-06T09:24:09","modified_gmt":"2026-03-06T09:24:09","slug":"zemas-gridas-puspiekabes","status":"publish","type":"page","link":"https:\/\/adtruck.aopen-dev.eu\/?page_id=80","title":{"rendered":"Zem\u0101s gr\u012bdas puspiekabes"},"content":{"rendered":"\t\t<div data-elementor-type=\"wp-page\" data-elementor-id=\"80\" class=\"elementor elementor-80\" data-elementor-post-type=\"page\">\n\t\t\t\t<div class=\"elementor-element elementor-element-6d07342 e-flex e-con-boxed e-con e-parent\" data-id=\"6d07342\" data-element_type=\"container\" data-e-type=\"container\">\n\t\t\t\t\t<div class=\"e-con-inner\">\n\t\t\t\t<div class=\"elementor-element elementor-element-a854586 elementor-widget elementor-widget-heading\" data-id=\"a854586\" data-element_type=\"widget\" data-e-type=\"widget\" data-widget_type=\"heading.default\">\n\t\t\t\t\t<h1 class=\"elementor-heading-title elementor-size-default\">Zem\u0101s gr\u012bdas puspiekabes<\/h1>\t\t\t\t<\/div>\n\t\t\t\t\t<\/div>\n\t\t\t\t<\/div>\n\t\t<div class=\"elementor-element elementor-element-a5122f3 e-flex e-con-boxed e-con e-parent\" data-id=\"a5122f3\" data-element_type=\"container\" data-e-type=\"container\">\n\t\t\t\t\t<div class=\"e-con-inner\">\n\t\t<div class=\"elementor-element elementor-element-d52c31c e-con-full e-flex e-con e-child\" data-id=\"d52c31c\" data-element_type=\"container\" data-e-type=\"container\">\n\t\t\t\t<div class=\"elementor-element elementor-element-9fb6909 elementor-widget elementor-widget-heading\" data-id=\"9fb6909\" data-element_type=\"widget\" data-e-type=\"widget\" data-widget_type=\"heading.default\">\n\t\t\t\t\t<h2 class=\"elementor-heading-title elementor-size-default\">3 asu zem\u0101s gr\u012bdas puspiekabe<\/h2>\t\t\t\t<\/div>\n\t\t\t\t<div class=\"elementor-element elementor-element-6a94b73 elementor-align-center elementor-widget elementor-widget-button\" data-id=\"6a94b73\" data-element_type=\"widget\" data-e-type=\"widget\" data-widget_type=\"button.default\">\n\t\t\t\t\t\t\t\t\t\t<a class=\"elementor-button elementor-button-link elementor-size-sm\" href=\"#\">\n\t\t\t\t\t\t<span class=\"elementor-button-content-wrapper\">\n\t\t\t\t\t\t\t\t\t<span class=\"elementor-button-text\">Uzzin\u0101t vair\u0101k<\/span>\n\t\t\t\t\t<\/span>\n\t\t\t\t\t<\/a>\n\t\t\t\t\t\t\t\t<\/div>\n\t\t\t\t<\/div>\n\t\t<div class=\"elementor-element elementor-element-839d3f2 e-con-full e-flex e-con e-child\" data-id=\"839d3f2\" data-element_type=\"container\" data-e-type=\"container\">\n\t\t\t\t<div class=\"elementor-element elementor-element-0d8931c elementor-widget elementor-widget-image\" data-id=\"0d8931c\" data-element_type=\"widget\" data-e-type=\"widget\" data-widget_type=\"image.default\">\n\t\t\t\t\t\t\t\t\t\t\t\t\t\t\t<img decoding=\"async\" width=\"300\" height=\"150\" src=\"https:\/\/adtruck.aopen-dev.eu\/wp-content\/uploads\/2026\/03\/001-10-1024x512-1-300x150.jpg\" class=\"attachment-medium size-medium wp-image-82\" alt=\"\" srcset=\"https:\/\/adtruck.aopen-dev.eu\/wp-content\/uploads\/2026\/03\/001-10-1024x512-1-300x150.jpg 300w, https:\/\/adtruck.aopen-dev.eu\/wp-content\/uploads\/2026\/03\/001-10-1024x512-1-768x384.jpg 768w, https:\/\/adtruck.aopen-dev.eu\/wp-content\/uploads\/2026\/03\/001-10-1024x512-1.jpg 1024w\" sizes=\"(max-width: 300px) 100vw, 300px\" \/>\t\t\t\t\t\t\t\t\t\t\t\t\t\t\t<\/div>\n\t\t\t\t<\/div>\n\t\t\t\t\t<\/div>\n\t\t\t\t<\/div>\n\t\t<div class=\"elementor-element elementor-element-8cb1ac7 e-flex e-con-boxed e-con e-parent\" data-id=\"8cb1ac7\" data-element_type=\"container\" data-e-type=\"container\">\n\t\t\t\t\t<div class=\"e-con-inner\">\n\t\t<div class=\"elementor-element elementor-element-9bde788 e-con-full e-flex e-con e-child\" data-id=\"9bde788\" data-element_type=\"container\" data-e-type=\"container\">\n\t\t\t\t<div class=\"elementor-element elementor-element-a0d320e elementor-widget elementor-widget-heading\" data-id=\"a0d320e\" data-element_type=\"widget\" data-e-type=\"widget\" data-widget_type=\"heading.default\">\n\t\t\t\t\t<h2 class=\"elementor-heading-title elementor-size-default\">4 asu zem\u0101s gr\u012bdas puspiekabe<\/h2>\t\t\t\t<\/div>\n\t\t\t\t<div class=\"elementor-element elementor-element-ca0a488 elementor-align-center elementor-widget elementor-widget-button\" data-id=\"ca0a488\" data-element_type=\"widget\" data-e-type=\"widget\" data-widget_type=\"button.default\">\n\t\t\t\t\t\t\t\t\t\t<a class=\"elementor-button elementor-button-link elementor-size-sm\" href=\"#\">\n\t\t\t\t\t\t<span class=\"elementor-button-content-wrapper\">\n\t\t\t\t\t\t\t\t\t<span class=\"elementor-button-text\">Uzzin\u0101t vair\u0101k<\/span>\n\t\t\t\t\t<\/span>\n\t\t\t\t\t<\/a>\n\t\t\t\t\t\t\t\t<\/div>\n\t\t\t\t<\/div>\n\t\t<div class=\"elementor-element elementor-element-e925878 e-con-full e-flex e-con e-child\" data-id=\"e925878\" data-element_type=\"container\" data-e-type=\"container\">\n\t\t\t\t<div class=\"elementor-element elementor-element-188d36a elementor-widget elementor-widget-image\" data-id=\"188d36a\" data-element_type=\"widget\" data-e-type=\"widget\" data-widget_type=\"image.default\">\n\t\t\t\t\t\t\t\t\t\t\t\t\t\t\t<img fetchpriority=\"high\" decoding=\"async\" width=\"300\" height=\"200\" src=\"https:\/\/adtruck.aopen-dev.eu\/wp-content\/uploads\/2026\/03\/002-8-1024x684-1-300x200.jpg\" class=\"attachment-medium size-medium wp-image-83\" alt=\"\" srcset=\"https:\/\/adtruck.aopen-dev.eu\/wp-content\/uploads\/2026\/03\/002-8-1024x684-1-300x200.jpg 300w, https:\/\/adtruck.aopen-dev.eu\/wp-content\/uploads\/2026\/03\/002-8-1024x684-1-768x513.jpg 768w, https:\/\/adtruck.aopen-dev.eu\/wp-content\/uploads\/2026\/03\/002-8-1024x684-1.jpg 1024w\" sizes=\"(max-width: 300px) 100vw, 300px\" \/>\t\t\t\t\t\t\t\t\t\t\t\t\t\t\t<\/div>\n\t\t\t\t<\/div>\n\t\t\t\t\t<\/div>\n\t\t\t\t<\/div>\n\t\t\t\t<\/div>\n\t\t","protected":false},"excerpt":{"rendered":"<p>Zem\u0101s gr\u012bdas puspiekabes 3 asu zem\u0101s gr\u012bdas puspiekabe Uzzin\u0101t vair\u0101k 4 asu zem\u0101s gr\u012bdas puspiekabe Uzzin\u0101t vair\u0101k<\/p>\n","protected":false},"author":1,"featured_media":0,"parent":0,"menu_order":0,"comment_status":"closed","ping_status":"closed","template":"","meta":{"footnotes":""},"class_list":["post-80","page","type-page","status-publish","hentry"],"_links":{"self":[{"href":"https:\/\/adtruck.aopen-dev.eu\/index.php?rest_route=\/wp\/v2\/pages\/80","targetHints":{"allow":["GET"]}}],"collection":[{"href":"https:\/\/adtruck.aopen-dev.eu\/index.php?rest_route=\/wp\/v2\/pages"}],"about":[{"href":"https:\/\/adtruck.aopen-dev.eu\/index.php?rest_route=\/wp\/v2\/types\/page"}],"author":[{"embeddable":true,"href":"https:\/\/adtruck.aopen-dev.eu\/index.php?rest_route=\/wp\/v2\/users\/1"}],"replies":[{"embeddable":true,"href":"https:\/\/adtruck.aopen-dev.eu\/index.php?rest_route=%2Fwp%2Fv2%2Fcomments&post=80"}],"version-history":[{"count":4,"href":"https:\/\/adtruck.aopen-dev.eu\/index.php?rest_route=\/wp\/v2\/pages\/80\/revisions"}],"predecessor-version":[{"id":86,"href":"https:\/\/adtruck.aopen-dev.eu\/index.php?rest_route=\/wp\/v2\/pages\/80\/revisions\/86"}],"wp:attachment":[{"href":"https:\/\/adtruck.aopen-dev.eu\/index.php?rest_route=%2Fwp%2Fv2%2Fmedia&parent=80"}],"curies":[{"name":"wp","href":"https:\/\/api.w.org\/{rel}","templated":true}]}}