{"id":69,"date":"2026-03-06T09:07:53","date_gmt":"2026-03-06T09:07:53","guid":{"rendered":"https:\/\/adtruck.aopen-dev.eu\/?page_id=69"},"modified":"2026-03-06T09:11:23","modified_gmt":"2026-03-06T09:11:23","slug":"kustigo-gridu-puspiekabes","status":"publish","type":"page","link":"https:\/\/adtruck.aopen-dev.eu\/?page_id=69","title":{"rendered":"Kust\u012bgo gr\u012bdu puspiekabes"},"content":{"rendered":"\t\t<div data-elementor-type=\"wp-page\" data-elementor-id=\"69\" class=\"elementor elementor-69\" data-elementor-post-type=\"page\">\n\t\t\t\t<div class=\"elementor-element elementor-element-6d07342 e-flex e-con-boxed e-con e-parent\" data-id=\"6d07342\" data-element_type=\"container\" data-e-type=\"container\">\n\t\t\t\t\t<div class=\"e-con-inner\">\n\t\t\t\t<div class=\"elementor-element elementor-element-a854586 elementor-widget elementor-widget-heading\" data-id=\"a854586\" data-element_type=\"widget\" data-e-type=\"widget\" data-widget_type=\"heading.default\">\n\t\t\t\t\t<h1 class=\"elementor-heading-title elementor-size-default\">Kust\u012bgo gr\u012bdu puspiekabes<\/h1>\t\t\t\t<\/div>\n\t\t\t\t\t<\/div>\n\t\t\t\t<\/div>\n\t\t<div class=\"elementor-element elementor-element-a5122f3 e-flex e-con-boxed e-con e-parent\" data-id=\"a5122f3\" data-element_type=\"container\" data-e-type=\"container\">\n\t\t\t\t\t<div class=\"e-con-inner\">\n\t\t<div class=\"elementor-element elementor-element-d52c31c e-con-full e-flex e-con e-child\" data-id=\"d52c31c\" data-element_type=\"container\" data-e-type=\"container\">\n\t\t\t\t<div class=\"elementor-element elementor-element-9fb6909 elementor-widget elementor-widget-heading\" data-id=\"9fb6909\" data-element_type=\"widget\" data-e-type=\"widget\" data-widget_type=\"heading.default\">\n\t\t\t\t\t<h2 class=\"elementor-heading-title elementor-size-default\">Kust\u012bgo gr\u012bdu puspiekabe<\/h2>\t\t\t\t<\/div>\n\t\t\t\t<div class=\"elementor-element elementor-element-6a94b73 elementor-align-center elementor-widget elementor-widget-button\" data-id=\"6a94b73\" data-element_type=\"widget\" data-e-type=\"widget\" data-widget_type=\"button.default\">\n\t\t\t\t\t\t\t\t\t\t<a class=\"elementor-button elementor-button-link elementor-size-sm\" href=\"#\">\n\t\t\t\t\t\t<span class=\"elementor-button-content-wrapper\">\n\t\t\t\t\t\t\t\t\t<span class=\"elementor-button-text\">Uzzin\u0101t vair\u0101k<\/span>\n\t\t\t\t\t<\/span>\n\t\t\t\t\t<\/a>\n\t\t\t\t\t\t\t\t<\/div>\n\t\t\t\t<\/div>\n\t\t<div class=\"elementor-element elementor-element-839d3f2 e-con-full e-flex e-con e-child\" data-id=\"839d3f2\" data-element_type=\"container\" data-e-type=\"container\">\n\t\t\t\t<div class=\"elementor-element elementor-element-0d8931c elementor-widget elementor-widget-image\" data-id=\"0d8931c\" data-element_type=\"widget\" data-e-type=\"widget\" data-widget_type=\"image.default\">\n\t\t\t\t\t\t\t\t\t\t\t\t\t\t\t<img fetchpriority=\"high\" decoding=\"async\" width=\"300\" height=\"200\" src=\"https:\/\/adtruck.aopen-dev.eu\/wp-content\/uploads\/2026\/03\/000-1-300x200.jpg\" class=\"attachment-medium size-medium wp-image-71\" alt=\"\" srcset=\"https:\/\/adtruck.aopen-dev.eu\/wp-content\/uploads\/2026\/03\/000-1-300x200.jpg 300w, https:\/\/adtruck.aopen-dev.eu\/wp-content\/uploads\/2026\/03\/000-1-768x511.jpg 768w, https:\/\/adtruck.aopen-dev.eu\/wp-content\/uploads\/2026\/03\/000-1.jpg 900w\" sizes=\"(max-width: 300px) 100vw, 300px\" \/>\t\t\t\t\t\t\t\t\t\t\t\t\t\t\t<\/div>\n\t\t\t\t<\/div>\n\t\t\t\t\t<\/div>\n\t\t\t\t<\/div>\n\t\t<div class=\"elementor-element elementor-element-8cb1ac7 e-flex e-con-boxed e-con e-parent\" data-id=\"8cb1ac7\" data-element_type=\"container\" data-e-type=\"container\">\n\t\t\t\t\t<div class=\"e-con-inner\">\n\t\t<div class=\"elementor-element elementor-element-9bde788 e-con-full e-flex e-con e-child\" data-id=\"9bde788\" data-element_type=\"container\" data-e-type=\"container\">\n\t\t\t\t<div class=\"elementor-element elementor-element-a0d320e elementor-widget elementor-widget-heading\" data-id=\"a0d320e\" data-element_type=\"widget\" data-e-type=\"widget\" data-widget_type=\"heading.default\">\n\t\t\t\t\t<h2 class=\"elementor-heading-title elementor-size-default\">\nKust\u012bgo gr\u012bdu puspiekabe ar hidrobortu<\/h2>\t\t\t\t<\/div>\n\t\t\t\t<div class=\"elementor-element elementor-element-ca0a488 elementor-align-center elementor-widget elementor-widget-button\" data-id=\"ca0a488\" data-element_type=\"widget\" data-e-type=\"widget\" data-widget_type=\"button.default\">\n\t\t\t\t\t\t\t\t\t\t<a class=\"elementor-button elementor-button-link elementor-size-sm\" href=\"#\">\n\t\t\t\t\t\t<span class=\"elementor-button-content-wrapper\">\n\t\t\t\t\t\t\t\t\t<span class=\"elementor-button-text\">Uzzin\u0101t vair\u0101k<\/span>\n\t\t\t\t\t<\/span>\n\t\t\t\t\t<\/a>\n\t\t\t\t\t\t\t\t<\/div>\n\t\t\t\t<\/div>\n\t\t<div class=\"elementor-element elementor-element-e925878 e-con-full e-flex e-con e-child\" data-id=\"e925878\" data-element_type=\"container\" data-e-type=\"container\">\n\t\t\t\t<div class=\"elementor-element elementor-element-188d36a elementor-widget elementor-widget-image\" data-id=\"188d36a\" data-element_type=\"widget\" data-e-type=\"widget\" data-widget_type=\"image.default\">\n\t\t\t\t\t\t\t\t\t\t\t\t\t\t\t<img decoding=\"async\" width=\"300\" height=\"200\" src=\"https:\/\/adtruck.aopen-dev.eu\/wp-content\/uploads\/2026\/03\/001-16-300x200.jpg\" class=\"attachment-medium size-medium wp-image-72\" alt=\"\" srcset=\"https:\/\/adtruck.aopen-dev.eu\/wp-content\/uploads\/2026\/03\/001-16-300x200.jpg 300w, https:\/\/adtruck.aopen-dev.eu\/wp-content\/uploads\/2026\/03\/001-16-768x512.jpg 768w, https:\/\/adtruck.aopen-dev.eu\/wp-content\/uploads\/2026\/03\/001-16.jpg 900w\" sizes=\"(max-width: 300px) 100vw, 300px\" \/>\t\t\t\t\t\t\t\t\t\t\t\t\t\t\t<\/div>\n\t\t\t\t<\/div>\n\t\t\t\t\t<\/div>\n\t\t\t\t<\/div>\n\t\t<div class=\"elementor-element elementor-element-5a3fe98 e-flex e-con-boxed e-con e-parent\" data-id=\"5a3fe98\" data-element_type=\"container\" data-e-type=\"container\">\n\t\t\t\t\t<div class=\"e-con-inner\">\n\t\t<div class=\"elementor-element elementor-element-7aff512 e-con-full e-flex e-con e-child\" data-id=\"7aff512\" data-element_type=\"container\" data-e-type=\"container\">\n\t\t\t\t<div class=\"elementor-element elementor-element-8dd489d elementor-widget elementor-widget-heading\" data-id=\"8dd489d\" data-element_type=\"widget\" data-e-type=\"widget\" data-widget_type=\"heading.default\">\n\t\t\t\t\t<h2 class=\"elementor-heading-title elementor-size-default\">Kust\u012bgo gr\u012bdu puspiekabe ar s\u0101nu v\u0101rtiem<\/h2>\t\t\t\t<\/div>\n\t\t\t\t<div class=\"elementor-element elementor-element-3942add elementor-align-center elementor-widget elementor-widget-button\" data-id=\"3942add\" data-element_type=\"widget\" data-e-type=\"widget\" data-widget_type=\"button.default\">\n\t\t\t\t\t\t\t\t\t\t<a class=\"elementor-button elementor-button-link elementor-size-sm\" href=\"#\">\n\t\t\t\t\t\t<span class=\"elementor-button-content-wrapper\">\n\t\t\t\t\t\t\t\t\t<span class=\"elementor-button-text\">Uzzin\u0101t vair\u0101k<\/span>\n\t\t\t\t\t<\/span>\n\t\t\t\t\t<\/a>\n\t\t\t\t\t\t\t\t<\/div>\n\t\t\t\t<\/div>\n\t\t<div class=\"elementor-element elementor-element-f12d6a7 e-con-full e-flex e-con e-child\" data-id=\"f12d6a7\" data-element_type=\"container\" data-e-type=\"container\">\n\t\t\t\t<div class=\"elementor-element elementor-element-1ed3333 elementor-widget elementor-widget-image\" data-id=\"1ed3333\" data-element_type=\"widget\" data-e-type=\"widget\" data-widget_type=\"image.default\">\n\t\t\t\t\t\t\t\t\t\t\t\t\t\t\t<img decoding=\"async\" width=\"300\" height=\"200\" src=\"https:\/\/adtruck.aopen-dev.eu\/wp-content\/uploads\/2026\/03\/000-2-300x200.jpg\" class=\"attachment-medium size-medium wp-image-73\" alt=\"\" srcset=\"https:\/\/adtruck.aopen-dev.eu\/wp-content\/uploads\/2026\/03\/000-2-300x200.jpg 300w, https:\/\/adtruck.aopen-dev.eu\/wp-content\/uploads\/2026\/03\/000-2-768x512.jpg 768w, https:\/\/adtruck.aopen-dev.eu\/wp-content\/uploads\/2026\/03\/000-2.jpg 900w\" sizes=\"(max-width: 300px) 100vw, 300px\" \/>\t\t\t\t\t\t\t\t\t\t\t\t\t\t\t<\/div>\n\t\t\t\t<\/div>\n\t\t\t\t\t<\/div>\n\t\t\t\t<\/div>\n\t\t\t\t<\/div>\n\t\t","protected":false},"excerpt":{"rendered":"<p>Kust\u012bgo gr\u012bdu puspiekabes Kust\u012bgo gr\u012bdu puspiekabe Uzzin\u0101t vair\u0101k Kust\u012bgo gr\u012bdu puspiekabe ar hidrobortu Uzzin\u0101t vair\u0101k Kust\u012bgo gr\u012bdu puspiekabe ar s\u0101nu v\u0101rtiem Uzzin\u0101t vair\u0101k<\/p>\n","protected":false},"author":1,"featured_media":0,"parent":0,"menu_order":0,"comment_status":"closed","ping_status":"closed","template":"","meta":{"footnotes":""},"class_list":["post-69","page","type-page","status-publish","hentry"],"_links":{"self":[{"href":"https:\/\/adtruck.aopen-dev.eu\/index.php?rest_route=\/wp\/v2\/pages\/69","targetHints":{"allow":["GET"]}}],"collection":[{"href":"https:\/\/adtruck.aopen-dev.eu\/index.php?rest_route=\/wp\/v2\/pages"}],"about":[{"href":"https:\/\/adtruck.aopen-dev.eu\/index.php?rest_route=\/wp\/v2\/types\/page"}],"author":[{"embeddable":true,"href":"https:\/\/adtruck.aopen-dev.eu\/index.php?rest_route=\/wp\/v2\/users\/1"}],"replies":[{"embeddable":true,"href":"https:\/\/adtruck.aopen-dev.eu\/index.php?rest_route=%2Fwp%2Fv2%2Fcomments&post=69"}],"version-history":[{"count":7,"href":"https:\/\/adtruck.aopen-dev.eu\/index.php?rest_route=\/wp\/v2\/pages\/69\/revisions"}],"predecessor-version":[{"id":79,"href":"https:\/\/adtruck.aopen-dev.eu\/index.php?rest_route=\/wp\/v2\/pages\/69\/revisions\/79"}],"wp:attachment":[{"href":"https:\/\/adtruck.aopen-dev.eu\/index.php?rest_route=%2Fwp%2Fv2%2Fmedia&parent=69"}],"curies":[{"name":"wp","href":"https:\/\/api.w.org\/{rel}","templated":true}]}}