{"id":46,"date":"2026-03-03T18:47:12","date_gmt":"2026-03-03T18:47:12","guid":{"rendered":"https:\/\/adtruck.aopen-dev.eu\/?page_id=46"},"modified":"2026-03-06T12:30:17","modified_gmt":"2026-03-06T12:30:17","slug":"puspiekabes-pasizgazeji","status":"publish","type":"page","link":"https:\/\/adtruck.aopen-dev.eu\/?page_id=46","title":{"rendered":"Puspiekabes pa\u017eizg\u0101z\u0113ji"},"content":{"rendered":"\t\t<div data-elementor-type=\"wp-page\" data-elementor-id=\"46\" class=\"elementor elementor-46\" data-elementor-post-type=\"page\">\n\t\t\t\t<div class=\"elementor-element elementor-element-6d07342 e-flex e-con-boxed e-con e-parent\" data-id=\"6d07342\" data-element_type=\"container\" data-e-type=\"container\">\n\t\t\t\t\t<div class=\"e-con-inner\">\n\t\t\t\t<div class=\"elementor-element elementor-element-a854586 elementor-widget elementor-widget-heading\" data-id=\"a854586\" data-element_type=\"widget\" data-e-type=\"widget\" data-widget_type=\"heading.default\">\n\t\t\t\t\t<h1 class=\"elementor-heading-title elementor-size-default\">Puspiekabes - pa\u0161izg\u0101z\u0113ji<\/h1>\t\t\t\t<\/div>\n\t\t\t\t\t<\/div>\n\t\t\t\t<\/div>\n\t\t<div class=\"elementor-element elementor-element-a5122f3 e-flex e-con-boxed e-con e-parent\" data-id=\"a5122f3\" data-element_type=\"container\" data-e-type=\"container\">\n\t\t\t\t\t<div class=\"e-con-inner\">\n\t\t<div class=\"elementor-element elementor-element-d52c31c e-con-full e-flex e-con e-child\" data-id=\"d52c31c\" data-element_type=\"container\" data-e-type=\"container\">\n\t\t\t\t<div class=\"elementor-element elementor-element-9fb6909 elementor-widget elementor-widget-heading\" data-id=\"9fb6909\" data-element_type=\"widget\" data-e-type=\"widget\" data-widget_type=\"heading.default\">\n\t\t\t\t\t<h2 class=\"elementor-heading-title elementor-size-default\">\nPa\u0161izg\u0101z\u0113ja puspiekabe ar alum\u012bnija bortiem<\/h2>\t\t\t\t<\/div>\n\t\t\t\t<div class=\"elementor-element elementor-element-6a94b73 elementor-align-center elementor-widget elementor-widget-button\" data-id=\"6a94b73\" data-element_type=\"widget\" data-e-type=\"widget\" data-widget_type=\"button.default\">\n\t\t\t\t\t\t\t\t\t\t<a class=\"elementor-button elementor-button-link elementor-size-sm\" href=\"#\">\n\t\t\t\t\t\t<span class=\"elementor-button-content-wrapper\">\n\t\t\t\t\t\t\t\t\t<span class=\"elementor-button-text\">Uzzin\u0101t vair\u0101k<\/span>\n\t\t\t\t\t<\/span>\n\t\t\t\t\t<\/a>\n\t\t\t\t\t\t\t\t<\/div>\n\t\t\t\t<\/div>\n\t\t<div class=\"elementor-element elementor-element-839d3f2 e-con-full e-flex e-con e-child\" data-id=\"839d3f2\" data-element_type=\"container\" data-e-type=\"container\">\n\t\t\t\t<div class=\"elementor-element elementor-element-0d8931c elementor-widget elementor-widget-image\" data-id=\"0d8931c\" data-element_type=\"widget\" data-e-type=\"widget\" data-widget_type=\"image.default\">\n\t\t\t\t\t\t\t\t\t\t\t\t\t\t\t<img fetchpriority=\"high\" decoding=\"async\" width=\"300\" height=\"200\" src=\"https:\/\/adtruck.aopen-dev.eu\/wp-content\/uploads\/2026\/03\/003-2-1024x681-1-300x200.jpg\" class=\"attachment-medium size-medium wp-image-48\" alt=\"\" srcset=\"https:\/\/adtruck.aopen-dev.eu\/wp-content\/uploads\/2026\/03\/003-2-1024x681-1-300x200.jpg 300w, https:\/\/adtruck.aopen-dev.eu\/wp-content\/uploads\/2026\/03\/003-2-1024x681-1-768x511.jpg 768w, https:\/\/adtruck.aopen-dev.eu\/wp-content\/uploads\/2026\/03\/003-2-1024x681-1.jpg 1024w\" sizes=\"(max-width: 300px) 100vw, 300px\" \/>\t\t\t\t\t\t\t\t\t\t\t\t\t\t\t<\/div>\n\t\t\t\t<\/div>\n\t\t\t\t\t<\/div>\n\t\t\t\t<\/div>\n\t\t<div class=\"elementor-element elementor-element-8cb1ac7 e-flex e-con-boxed e-con e-parent\" data-id=\"8cb1ac7\" data-element_type=\"container\" data-e-type=\"container\">\n\t\t\t\t\t<div class=\"e-con-inner\">\n\t\t<div class=\"elementor-element elementor-element-9bde788 e-con-full e-flex e-con e-child\" data-id=\"9bde788\" data-element_type=\"container\" data-e-type=\"container\">\n\t\t\t\t<div class=\"elementor-element elementor-element-a0d320e elementor-widget elementor-widget-heading\" data-id=\"a0d320e\" data-element_type=\"widget\" data-e-type=\"widget\" data-widget_type=\"heading.default\">\n\t\t\t\t\t<h2 class=\"elementor-heading-title elementor-size-default\">\nPa\u0161izg\u0101z\u0113ja puspiekabe pusap\u013ca form\u0101<\/h2>\t\t\t\t<\/div>\n\t\t\t\t<div class=\"elementor-element elementor-element-ca0a488 elementor-align-center elementor-widget elementor-widget-button\" data-id=\"ca0a488\" data-element_type=\"widget\" data-e-type=\"widget\" data-widget_type=\"button.default\">\n\t\t\t\t\t\t\t\t\t\t<a class=\"elementor-button elementor-button-link elementor-size-sm\" href=\"#\">\n\t\t\t\t\t\t<span class=\"elementor-button-content-wrapper\">\n\t\t\t\t\t\t\t\t\t<span class=\"elementor-button-text\">Uzzin\u0101t vair\u0101k<\/span>\n\t\t\t\t\t<\/span>\n\t\t\t\t\t<\/a>\n\t\t\t\t\t\t\t\t<\/div>\n\t\t\t\t<\/div>\n\t\t<div class=\"elementor-element elementor-element-e925878 e-con-full e-flex e-con e-child\" data-id=\"e925878\" data-element_type=\"container\" data-e-type=\"container\">\n\t\t\t\t<div class=\"elementor-element elementor-element-188d36a elementor-widget elementor-widget-image\" data-id=\"188d36a\" data-element_type=\"widget\" data-e-type=\"widget\" data-widget_type=\"image.default\">\n\t\t\t\t\t\t\t\t\t\t\t\t\t\t\t<img decoding=\"async\" width=\"300\" height=\"168\" src=\"https:\/\/adtruck.aopen-dev.eu\/wp-content\/uploads\/2026\/03\/semi-circular-300x168.jpg\" class=\"attachment-medium size-medium wp-image-52\" alt=\"\" srcset=\"https:\/\/adtruck.aopen-dev.eu\/wp-content\/uploads\/2026\/03\/semi-circular-300x168.jpg 300w, https:\/\/adtruck.aopen-dev.eu\/wp-content\/uploads\/2026\/03\/semi-circular-1024x575.jpg 1024w, https:\/\/adtruck.aopen-dev.eu\/wp-content\/uploads\/2026\/03\/semi-circular-768x431.jpg 768w, https:\/\/adtruck.aopen-dev.eu\/wp-content\/uploads\/2026\/03\/semi-circular-1536x862.jpg 1536w, https:\/\/adtruck.aopen-dev.eu\/wp-content\/uploads\/2026\/03\/semi-circular-2048x1149.jpg 2048w\" sizes=\"(max-width: 300px) 100vw, 300px\" \/>\t\t\t\t\t\t\t\t\t\t\t\t\t\t\t<\/div>\n\t\t\t\t<\/div>\n\t\t\t\t\t<\/div>\n\t\t\t\t<\/div>\n\t\t<div class=\"elementor-element elementor-element-5a3fe98 e-flex e-con-boxed e-con e-parent\" data-id=\"5a3fe98\" data-element_type=\"container\" data-e-type=\"container\">\n\t\t\t\t\t<div class=\"e-con-inner\">\n\t\t<div class=\"elementor-element elementor-element-7aff512 e-con-full e-flex e-con e-child\" data-id=\"7aff512\" data-element_type=\"container\" data-e-type=\"container\">\n\t\t\t\t<div class=\"elementor-element elementor-element-8dd489d elementor-widget elementor-widget-heading\" data-id=\"8dd489d\" data-element_type=\"widget\" data-e-type=\"widget\" data-widget_type=\"heading.default\">\n\t\t\t\t\t<h2 class=\"elementor-heading-title elementor-size-default\">Beramkravu pa\u0161izg\u0101z\u0113js puspiekabe ar izkrau\u0161anas sist\u0113mu<\/h2>\t\t\t\t<\/div>\n\t\t\t\t<div class=\"elementor-element elementor-element-3942add elementor-align-center elementor-widget elementor-widget-button\" data-id=\"3942add\" data-element_type=\"widget\" data-e-type=\"widget\" data-widget_type=\"button.default\">\n\t\t\t\t\t\t\t\t\t\t<a class=\"elementor-button elementor-button-link elementor-size-sm\" href=\"#\">\n\t\t\t\t\t\t<span class=\"elementor-button-content-wrapper\">\n\t\t\t\t\t\t\t\t\t<span class=\"elementor-button-text\">Uzzin\u0101t vair\u0101k<\/span>\n\t\t\t\t\t<\/span>\n\t\t\t\t\t<\/a>\n\t\t\t\t\t\t\t\t<\/div>\n\t\t\t\t<\/div>\n\t\t<div class=\"elementor-element elementor-element-f12d6a7 e-con-full e-flex e-con e-child\" data-id=\"f12d6a7\" data-element_type=\"container\" data-e-type=\"container\">\n\t\t\t\t<div class=\"elementor-element elementor-element-1ed3333 elementor-widget elementor-widget-image\" data-id=\"1ed3333\" data-element_type=\"widget\" data-e-type=\"widget\" data-widget_type=\"image.default\">\n\t\t\t\t\t\t\t\t\t\t\t\t\t\t\t<img decoding=\"async\" width=\"300\" height=\"200\" src=\"https:\/\/adtruck.aopen-dev.eu\/wp-content\/uploads\/2026\/03\/unloading-300x200.jpg\" class=\"attachment-medium size-medium wp-image-54\" alt=\"\" srcset=\"https:\/\/adtruck.aopen-dev.eu\/wp-content\/uploads\/2026\/03\/unloading-300x200.jpg 300w, https:\/\/adtruck.aopen-dev.eu\/wp-content\/uploads\/2026\/03\/unloading-768x512.jpg 768w, https:\/\/adtruck.aopen-dev.eu\/wp-content\/uploads\/2026\/03\/unloading.jpg 1000w\" sizes=\"(max-width: 300px) 100vw, 300px\" \/>\t\t\t\t\t\t\t\t\t\t\t\t\t\t\t<\/div>\n\t\t\t\t<\/div>\n\t\t\t\t\t<\/div>\n\t\t\t\t<\/div>\n\t\t<div class=\"elementor-element elementor-element-48e0206 e-flex e-con-boxed e-con e-parent\" data-id=\"48e0206\" data-element_type=\"container\" data-e-type=\"container\">\n\t\t\t\t\t<div class=\"e-con-inner\">\n\t\t<div class=\"elementor-element elementor-element-90603d1 e-con-full e-flex e-con e-child\" data-id=\"90603d1\" data-element_type=\"container\" data-e-type=\"container\">\n\t\t\t\t<div class=\"elementor-element elementor-element-e31398c elementor-widget elementor-widget-heading\" data-id=\"e31398c\" data-element_type=\"widget\" data-e-type=\"widget\" data-widget_type=\"heading.default\">\n\t\t\t\t\t<h2 class=\"elementor-heading-title elementor-size-default\">Pa\u0161izg\u0101z\u0113ja puspiekabe ar rievot\u0101m s\u0101nu mal\u0101m met\u0101ll\u016b\u017e\u0146u p\u0101rvad\u0101\u0161anai<\/h2>\t\t\t\t<\/div>\n\t\t\t\t<div class=\"elementor-element elementor-element-0170991 elementor-align-center elementor-widget elementor-widget-button\" data-id=\"0170991\" data-element_type=\"widget\" data-e-type=\"widget\" data-widget_type=\"button.default\">\n\t\t\t\t\t\t\t\t\t\t<a class=\"elementor-button elementor-button-link elementor-size-sm\" href=\"#\">\n\t\t\t\t\t\t<span class=\"elementor-button-content-wrapper\">\n\t\t\t\t\t\t\t\t\t<span class=\"elementor-button-text\">Uzzin\u0101t vair\u0101k<\/span>\n\t\t\t\t\t<\/span>\n\t\t\t\t\t<\/a>\n\t\t\t\t\t\t\t\t<\/div>\n\t\t\t\t<\/div>\n\t\t<div class=\"elementor-element elementor-element-b40918e e-con-full e-flex e-con e-child\" data-id=\"b40918e\" data-element_type=\"container\" data-e-type=\"container\">\n\t\t\t\t<div class=\"elementor-element elementor-element-e172416 elementor-widget elementor-widget-image\" data-id=\"e172416\" data-element_type=\"widget\" data-e-type=\"widget\" data-widget_type=\"image.default\">\n\t\t\t\t\t\t\t\t\t\t\t\t\t\t\t<img loading=\"lazy\" decoding=\"async\" width=\"300\" height=\"225\" src=\"https:\/\/adtruck.aopen-dev.eu\/wp-content\/uploads\/2026\/03\/2-300x225.jpg\" class=\"attachment-medium size-medium wp-image-60\" alt=\"\" srcset=\"https:\/\/adtruck.aopen-dev.eu\/wp-content\/uploads\/2026\/03\/2-300x225.jpg 300w, https:\/\/adtruck.aopen-dev.eu\/wp-content\/uploads\/2026\/03\/2-1024x768.jpg 1024w, https:\/\/adtruck.aopen-dev.eu\/wp-content\/uploads\/2026\/03\/2-768x576.jpg 768w, https:\/\/adtruck.aopen-dev.eu\/wp-content\/uploads\/2026\/03\/2.jpg 1440w\" sizes=\"(max-width: 300px) 100vw, 300px\" \/>\t\t\t\t\t\t\t\t\t\t\t\t\t\t\t<\/div>\n\t\t\t\t<\/div>\n\t\t\t\t\t<\/div>\n\t\t\t\t<\/div>\n\t\t<div class=\"elementor-element elementor-element-c19318c e-flex e-con-boxed e-con e-parent\" data-id=\"c19318c\" data-element_type=\"container\" data-e-type=\"container\">\n\t\t\t\t\t<div class=\"e-con-inner\">\n\t\t<div class=\"elementor-element elementor-element-e18e9a8 e-con-full e-flex e-con e-child\" data-id=\"e18e9a8\" data-element_type=\"container\" data-e-type=\"container\">\n\t\t\t\t<div class=\"elementor-element elementor-element-9017852 elementor-widget elementor-widget-heading\" data-id=\"9017852\" data-element_type=\"widget\" data-e-type=\"widget\" data-widget_type=\"heading.default\">\n\t\t\t\t\t<h2 class=\"elementor-heading-title elementor-size-default\">Pa\u0161izg\u0101z\u0113ja puspiekabe - cisterna<\/h2>\t\t\t\t<\/div>\n\t\t\t\t<div class=\"elementor-element elementor-element-27415b1 elementor-align-center elementor-widget elementor-widget-button\" data-id=\"27415b1\" data-element_type=\"widget\" data-e-type=\"widget\" data-widget_type=\"button.default\">\n\t\t\t\t\t\t\t\t\t\t<a class=\"elementor-button elementor-button-link elementor-size-sm\" href=\"#\">\n\t\t\t\t\t\t<span class=\"elementor-button-content-wrapper\">\n\t\t\t\t\t\t\t\t\t<span class=\"elementor-button-text\">Uzzin\u0101t vair\u0101k<\/span>\n\t\t\t\t\t<\/span>\n\t\t\t\t\t<\/a>\n\t\t\t\t\t\t\t\t<\/div>\n\t\t\t\t<\/div>\n\t\t<div class=\"elementor-element elementor-element-b27157a e-con-full e-flex e-con e-child\" data-id=\"b27157a\" data-element_type=\"container\" data-e-type=\"container\">\n\t\t\t\t<div class=\"elementor-element elementor-element-8894cbf elementor-widget elementor-widget-image\" data-id=\"8894cbf\" data-element_type=\"widget\" data-e-type=\"widget\" data-widget_type=\"image.default\">\n\t\t\t\t\t\t\t\t\t\t\t\t\t\t\t<img loading=\"lazy\" decoding=\"async\" width=\"300\" height=\"197\" src=\"https:\/\/adtruck.aopen-dev.eu\/wp-content\/uploads\/2026\/03\/ad-truck-3-300x197.jpg\" class=\"attachment-medium size-medium wp-image-61\" alt=\"\" srcset=\"https:\/\/adtruck.aopen-dev.eu\/wp-content\/uploads\/2026\/03\/ad-truck-3-300x197.jpg 300w, https:\/\/adtruck.aopen-dev.eu\/wp-content\/uploads\/2026\/03\/ad-truck-3-768x505.jpg 768w, https:\/\/adtruck.aopen-dev.eu\/wp-content\/uploads\/2026\/03\/ad-truck-3.jpg 900w\" sizes=\"(max-width: 300px) 100vw, 300px\" \/>\t\t\t\t\t\t\t\t\t\t\t\t\t\t\t<\/div>\n\t\t\t\t<\/div>\n\t\t\t\t\t<\/div>\n\t\t\t\t<\/div>\n\t\t\t\t<\/div>\n\t\t","protected":false},"excerpt":{"rendered":"<p>Puspiekabes &#8211; pa\u0161izg\u0101z\u0113ji Pa\u0161izg\u0101z\u0113ja puspiekabe ar alum\u012bnija bortiem Uzzin\u0101t vair\u0101k Pa\u0161izg\u0101z\u0113ja puspiekabe pusap\u013ca form\u0101 Uzzin\u0101t vair\u0101k Beramkravu pa\u0161izg\u0101z\u0113js puspiekabe ar izkrau\u0161anas sist\u0113mu Uzzin\u0101t vair\u0101k Pa\u0161izg\u0101z\u0113ja puspiekabe ar rievot\u0101m s\u0101nu mal\u0101m met\u0101ll\u016b\u017e\u0146u p\u0101rvad\u0101\u0161anai Uzzin\u0101t vair\u0101k Pa\u0161izg\u0101z\u0113ja puspiekabe &#8211; cisterna Uzzin\u0101t vair\u0101k<\/p>\n","protected":false},"author":1,"featured_media":0,"parent":0,"menu_order":0,"comment_status":"closed","ping_status":"closed","template":"","meta":{"footnotes":""},"class_list":["post-46","page","type-page","status-publish","hentry"],"_links":{"self":[{"href":"https:\/\/adtruck.aopen-dev.eu\/index.php?rest_route=\/wp\/v2\/pages\/46","targetHints":{"allow":["GET"]}}],"collection":[{"href":"https:\/\/adtruck.aopen-dev.eu\/index.php?rest_route=\/wp\/v2\/pages"}],"about":[{"href":"https:\/\/adtruck.aopen-dev.eu\/index.php?rest_route=\/wp\/v2\/types\/page"}],"author":[{"embeddable":true,"href":"https:\/\/adtruck.aopen-dev.eu\/index.php?rest_route=\/wp\/v2\/users\/1"}],"replies":[{"embeddable":true,"href":"https:\/\/adtruck.aopen-dev.eu\/index.php?rest_route=%2Fwp%2Fv2%2Fcomments&post=46"}],"version-history":[{"count":17,"href":"https:\/\/adtruck.aopen-dev.eu\/index.php?rest_route=\/wp\/v2\/pages\/46\/revisions"}],"predecessor-version":[{"id":131,"href":"https:\/\/adtruck.aopen-dev.eu\/index.php?rest_route=\/wp\/v2\/pages\/46\/revisions\/131"}],"wp:attachment":[{"href":"https:\/\/adtruck.aopen-dev.eu\/index.php?rest_route=%2Fwp%2Fv2%2Fmedia&parent=46"}],"curies":[{"name":"wp","href":"https:\/\/api.w.org\/{rel}","templated":true}]}}